{"id":44,"date":"2024-11-28T08:11:20","date_gmt":"2024-11-28T08:11:20","guid":{"rendered":"https:\/\/croqueloisromeo.fr\/?page_id=44"},"modified":"2024-12-05T08:04:13","modified_gmt":"2024-12-05T08:04:13","slug":"contact","status":"publish","type":"page","link":"https:\/\/croqueloisromeo.fr\/index.php\/contact\/","title":{"rendered":"Contact"},"content":{"rendered":"\n<ul class=\"wp-block-list\">\n<li>Adresse mail : croquelois.romeo@gmail.com<\/li>\n\n\n\n<li>Num\u00e9ro de t\u00e9l\u00e9phone : 07 77 70 43 28<\/li>\n\n\n\n<li>Adresse du lyc\u00e9e : <a href=\"https:\/\/www.google.com\/maps\/place\/\/data=!4m2!3m1!1s0x12ce978d802bbf21:0xdd3fccf552faf154?sa=X&amp;ved=1t:8290&amp;ictx=111\">270 Av. de Valescure, 83700 Saint-Rapha\u00ebl<\/a><\/li>\n<\/ul>\n\n\n\n<p><\/p>\n","protected":false},"excerpt":{"rendered":"","protected":false},"author":1,"featured_media":0,"parent":0,"menu_order":0,"comment_status":"closed","ping_status":"closed","template":"","meta":{"footnotes":""},"class_list":["post-44","page","type-page","status-publish","hentry"],"jetpack_sharing_enabled":true,"_links":{"self":[{"href":"https:\/\/croqueloisromeo.fr\/index.php\/wp-json\/wp\/v2\/pages\/44","targetHints":{"allow":["GET"]}}],"collection":[{"href":"https:\/\/croqueloisromeo.fr\/index.php\/wp-json\/wp\/v2\/pages"}],"about":[{"href":"https:\/\/croqueloisromeo.fr\/index.php\/wp-json\/wp\/v2\/types\/page"}],"author":[{"embeddable":true,"href":"https:\/\/croqueloisromeo.fr\/index.php\/wp-json\/wp\/v2\/users\/1"}],"replies":[{"embeddable":true,"href":"https:\/\/croqueloisromeo.fr\/index.php\/wp-json\/wp\/v2\/comments?post=44"}],"version-history":[{"count":8,"href":"https:\/\/croqueloisromeo.fr\/index.php\/wp-json\/wp\/v2\/pages\/44\/revisions"}],"predecessor-version":[{"id":131,"href":"https:\/\/croqueloisromeo.fr\/index.php\/wp-json\/wp\/v2\/pages\/44\/revisions\/131"}],"wp:attachment":[{"href":"https:\/\/croqueloisromeo.fr\/index.php\/wp-json\/wp\/v2\/media?parent=44"}],"curies":[{"name":"wp","href":"https:\/\/api.w.org\/{rel}","templated":true}]}}